{"id":46,"date":"2021-02-16T11:44:42","date_gmt":"2021-02-16T11:44:42","guid":{"rendered":"https:\/\/demosites.io\/neve-3\/?page_id=46"},"modified":"2024-04-02T16:11:34","modified_gmt":"2024-04-02T16:11:34","slug":"7b3c2-homepage","status":"publish","type":"page","link":"https:\/\/gardenadm.com.br\/","title":{"rendered":"Homepage"},"content":{"rendered":"\n<div class=\"wp-block-cover alignfull is-repeated\" style=\"min-height:341px;aspect-ratio:unset;\"><span aria-hidden=\"true\" class=\"wp-block-cover__background has-background-dim-60 has-background-dim wp-block-cover__gradient-background has-background-gradient\" style=\"background:linear-gradient(135deg,rgb(10,10,19) 0%,rgb(40,116,252) 100%)\"><\/span><div role=\"img\" class=\"wp-block-cover__image-background wp-image-419 is-repeated\" style=\"background-position:100% 0%;background-image:url(https:\/\/gardenadm.com.br\/wp-content\/uploads\/2021\/10\/title-6.png)\"><\/div><div class=\"wp-block-cover__inner-container is-layout-flow wp-block-cover-is-layout-flow\">\n<div style=\"height:40px\" aria-hidden=\"true\" class=\"wp-block-spacer\"><\/div>\n\n\n\n<div class=\"wp-block-columns are-vertically-aligned-center is-layout-flex wp-container-core-columns-is-layout-9d6595d7 wp-block-columns-is-layout-flex\">\n<div class=\"wp-block-column is-vertically-aligned-center is-layout-flow wp-block-column-is-layout-flow\" style=\"flex-basis:100%\">\n<h1 class=\"wp-block-heading has-text-align-left\" style=\"font-size:56px\">Em breve um novo site<\/h1>\n\n\n\n<h1 class=\"wp-block-heading has-text-align-left\" style=\"font-size:56px\">para voc\u00ea!<\/h1>\n<\/div>\n\n\n\n<div class=\"wp-block-column is-vertically-aligned-center is-layout-flow wp-block-column-is-layout-flow\" style=\"flex-basis:30%\">\n<p><\/p>\n<\/div>\n<\/div>\n<\/div><\/div>\n\n\n\n<div class=\"wp-block-columns are-vertically-aligned-top is-layout-flex wp-container-core-columns-is-layout-9d6595d7 wp-block-columns-is-layout-flex\">\n<div class=\"wp-block-column is-layout-flow wp-block-column-is-layout-flow\"><\/div>\n<\/div>\n\n\n\n<div class=\"wp-block-columns are-vertically-aligned-top is-layout-flex wp-container-core-columns-is-layout-9d6595d7 wp-block-columns-is-layout-flex\">\n<div class=\"wp-block-column is-vertically-aligned-top is-layout-flow wp-block-column-is-layout-flow\">\n<figure class=\"wp-block-image size-thumbnail\"><img loading=\"lazy\" decoding=\"async\" width=\"150\" height=\"150\" src=\"https:\/\/gardenadm.com.br\/wp-content\/uploads\/2024\/04\/condominio-150x150.png\" alt=\"\" class=\"wp-image-438\" srcset=\"https:\/\/gardenadm.com.br\/wp-content\/uploads\/2024\/04\/condominio-150x150.png 150w, https:\/\/gardenadm.com.br\/wp-content\/uploads\/2024\/04\/condominio-300x300.png 300w, https:\/\/gardenadm.com.br\/wp-content\/uploads\/2024\/04\/condominio.png 512w\" sizes=\"auto, (max-width: 150px) 100vw, 150px\" \/><\/figure>\n\n\n\n<div style=\"height:16px\" aria-hidden=\"true\" class=\"wp-block-spacer\"><\/div>\n\n\n\n<h3 class=\"wp-block-heading\"><\/h3>\n\n\n\n<p><a href=\"https:\/\/gardenadm.superlogica.net\/clients\/areadocondomino\" target=\"_blank\" rel=\"noreferrer noopener\">Clique aqui para acessar<\/a><br><a href=\"https:\/\/gardenadm.superlogica.net\/clients\/areadocondomino\" target=\"_blank\" rel=\"noreferrer noopener\">a \u00c1rea de Condom\u00ednios<\/a><\/p>\n<\/div>\n\n\n\n<div class=\"wp-block-column is-vertically-aligned-top is-layout-flow wp-block-column-is-layout-flow\">\n<figure class=\"wp-block-image size-thumbnail\"><img loading=\"lazy\" decoding=\"async\" width=\"150\" height=\"150\" src=\"https:\/\/gardenadm.com.br\/wp-content\/uploads\/2024\/04\/localizacao-150x150.png\" alt=\"\" class=\"wp-image-439\" srcset=\"https:\/\/gardenadm.com.br\/wp-content\/uploads\/2024\/04\/localizacao-150x150.png 150w, https:\/\/gardenadm.com.br\/wp-content\/uploads\/2024\/04\/localizacao-300x300.png 300w, https:\/\/gardenadm.com.br\/wp-content\/uploads\/2024\/04\/localizacao.png 512w\" sizes=\"auto, (max-width: 150px) 100vw, 150px\" \/><\/figure>\n\n\n\n<div style=\"height:16px\" aria-hidden=\"true\" class=\"wp-block-spacer\"><\/div>\n\n\n\n<h3 class=\"wp-block-heading\"><\/h3>\n\n\n\n<p><a href=\"https:\/\/imoveisgarden.com.br\" target=\"_blank\" rel=\"noreferrer noopener\">Clique aqui para acessar An\u00fancios <\/a><br><a href=\"https:\/\/imoveisgarden.com.br\" target=\"_blank\" rel=\"noreferrer noopener\">de Im\u00f3veis para Loca\u00e7\u00e3o e Vendas<\/a><\/p>\n<\/div>\n\n\n\n<div class=\"wp-block-column is-vertically-aligned-top is-layout-flow wp-block-column-is-layout-flow\">\n<figure class=\"wp-block-image size-thumbnail\"><img loading=\"lazy\" decoding=\"async\" width=\"150\" height=\"150\" src=\"https:\/\/gardenadm.com.br\/wp-content\/uploads\/2024\/04\/contrato-150x150.png\" alt=\"\" class=\"wp-image-440\" srcset=\"https:\/\/gardenadm.com.br\/wp-content\/uploads\/2024\/04\/contrato-150x150.png 150w, https:\/\/gardenadm.com.br\/wp-content\/uploads\/2024\/04\/contrato-300x300.png 300w, https:\/\/gardenadm.com.br\/wp-content\/uploads\/2024\/04\/contrato.png 512w\" sizes=\"auto, (max-width: 150px) 100vw, 150px\" \/><\/figure>\n\n\n\n<div style=\"height:16px\" aria-hidden=\"true\" class=\"wp-block-spacer\"><\/div>\n\n\n\n<h3 class=\"wp-block-heading\"><\/h3>\n\n\n\n<p><a href=\"https:\/\/wa.me\/5521997637693\" target=\"_blank\" rel=\"noreferrer noopener\">Receba uma proposta para <\/a><br><a href=\"https:\/\/wa.me\/5521997637693\" target=\"_blank\" rel=\"noreferrer noopener\">Administra\u00e7\u00e3o do seu Condom\u00ednio<\/a><\/p>\n<\/div>\n<\/div>\n\n\n\n<div style=\"height:40px\" aria-hidden=\"true\" class=\"wp-block-spacer\"><\/div>\n\n\n\n<div class=\"wp-block-columns is-layout-flex wp-container-core-columns-is-layout-9d6595d7 wp-block-columns-is-layout-flex\">\n<div class=\"wp-block-column is-layout-flow wp-block-column-is-layout-flow\">\n<p class=\"has-text-align-center\"><strong>Garden Condom\u00ednio:<\/strong><\/p>\n\n\n\n<p class=\"has-text-align-center\">Rua Mem de S\u00e1, 34, 4\u00b0 Andar, Icara\u00ed &#8211; Niter\u00f3i\/RJ<br>(021) 2620-3343<\/p>\n<\/div>\n<\/div>\n","protected":false},"excerpt":{"rendered":"<p>Clique aqui para acessara \u00c1rea de Condom\u00ednios Clique aqui para acessar An\u00fancios de Im\u00f3veis para Loca\u00e7\u00e3o e Vendas Receba uma proposta para Administra\u00e7\u00e3o do seu Condom\u00ednio Garden Condom\u00ednio: Rua Mem de S\u00e1, 34, 4\u00b0 Andar, Icara\u00ed &#8211; Niter\u00f3i\/RJ(021) 2620-3343<\/p>\n","protected":false},"author":1,"featured_media":0,"parent":0,"menu_order":0,"comment_status":"closed","ping_status":"closed","template":"","meta":{"neve_meta_sidebar":"full-width","neve_meta_container":"contained","neve_meta_enable_content_width":"on","neve_meta_content_width":100,"neve_meta_title_alignment":"","neve_meta_author_avatar":"","neve_post_elements_order":"","neve_meta_disable_header":"","neve_meta_disable_footer":"","neve_meta_disable_title":"on","_themeisle_gutenberg_block_has_review":false,"_ti_tpc_template_sync":false,"_ti_tpc_template_id":"98yl5t6s3nicwhomkrmc","footnotes":""},"class_list":["post-46","page","type-page","status-publish","hentry"],"_links":{"self":[{"href":"https:\/\/gardenadm.com.br\/index.php?rest_route=\/wp\/v2\/pages\/46","targetHints":{"allow":["GET"]}}],"collection":[{"href":"https:\/\/gardenadm.com.br\/index.php?rest_route=\/wp\/v2\/pages"}],"about":[{"href":"https:\/\/gardenadm.com.br\/index.php?rest_route=\/wp\/v2\/types\/page"}],"author":[{"embeddable":true,"href":"https:\/\/gardenadm.com.br\/index.php?rest_route=\/wp\/v2\/users\/1"}],"replies":[{"embeddable":true,"href":"https:\/\/gardenadm.com.br\/index.php?rest_route=%2Fwp%2Fv2%2Fcomments&post=46"}],"version-history":[{"count":5,"href":"https:\/\/gardenadm.com.br\/index.php?rest_route=\/wp\/v2\/pages\/46\/revisions"}],"predecessor-version":[{"id":455,"href":"https:\/\/gardenadm.com.br\/index.php?rest_route=\/wp\/v2\/pages\/46\/revisions\/455"}],"wp:attachment":[{"href":"https:\/\/gardenadm.com.br\/index.php?rest_route=%2Fwp%2Fv2%2Fmedia&parent=46"}],"curies":[{"name":"wp","href":"https:\/\/api.w.org\/{rel}","templated":true}]}}